{"id":4189,"date":"2025-03-02T13:50:42","date_gmt":"2025-03-02T12:50:42","guid":{"rendered":"https:\/\/fermemotions.fr\/?page_id=4189"},"modified":"2025-05-05T18:52:44","modified_gmt":"2025-05-05T16:52:44","slug":"mediation-animale","status":"publish","type":"page","link":"https:\/\/fermemotions.fr\/index.php\/mediation-animale\/","title":{"rendered":"M\u00e9diation animale"},"content":{"rendered":"\t\t<div data-elementor-type=\"wp-page\" data-elementor-id=\"4189\" class=\"elementor elementor-4189\" data-elementor-post-type=\"page\">\n\t\t\t\t<div class=\"elementor-element elementor-element-801abc9 e-con-full e-flex e-con e-parent\" data-id=\"801abc9\" data-element_type=\"container\">\n\t\t<div class=\"elementor-element elementor-element-a282b48 e-con-full e-flex e-con e-child\" data-id=\"a282b48\" data-element_type=\"container\" data-settings=\"{&quot;shape_divider_top&quot;:&quot;clouds&quot;}\">\n\t\t\t\t<div class=\"elementor-shape elementor-shape-top\" aria-hidden=\"true\" data-negative=\"false\">\n\t\t\t<svg xmlns=\"http:\/\/www.w3.org\/2000\/svg\" viewBox=\"0 0 283.5 27.8\" preserveAspectRatio=\"xMidYMax slice\">\n  <path class=\"elementor-shape-fill\" d=\"M0 0v6.7c1.9-.8 4.7-1.4 8.5-1 9.5 1.1 11.1 6 11.1 6s2.1-.7 4.3-.2c2.1.5 2.8 2.6 2.8 2.6s.2-.5 1.4-.7c1.2-.2 1.7.2 1.7.2s0-2.1 1.9-2.8c1.9-.7 3.6.7 3.6.7s.7-2.9 3.1-4.1 4.7 0 4.7 0 1.2-.5 2.4 0 1.7 1.4 1.7 1.4h1.4c.7 0 1.2.7 1.2.7s.8-1.8 4-2.2c3.5-.4 5.3 2.4 6.2 4.4.4-.4 1-.7 1.8-.9 2.8-.7 4 .7 4 .7s1.7-5 11.1-6c9.5-1.1 12.3 3.9 12.3 3.9s1.2-4.8 5.7-5.7c4.5-.9 6.8 1.8 6.8 1.8s.6-.6 1.5-.9c.9-.2 1.9-.2 1.9-.2s5.2-6.4 12.6-3.3c7.3 3.1 4.7 9 4.7 9s1.9-.9 4 0 2.8 2.4 2.8 2.4 1.9-1.2 4.5-1.2 4.3 1.2 4.3 1.2.2-1 1.4-1.7 2.1-.7 2.1-.7-.5-3.1 2.1-5.5 5.7-1.4 5.7-1.4 1.5-2.3 4.2-1.1c2.7 1.2 1.7 5.2 1.7 5.2s.3-.1 1.3.5c.5.4.8.8.9 1.1.5-1.4 2.4-5.8 8.4-4 7.1 2.1 3.5 8.9 3.5 8.9s.8-.4 2 0 1.1 1.1 1.1 1.1 1.1-1.1 2.3-1.1 2.1.5 2.1.5 1.9-3.6 6.2-1.2 1.9 6.4 1.9 6.4 2.6-2.4 7.4 0c3.4 1.7 3.9 4.9 3.9 4.9s3.3-6.9 10.4-7.9 11.5 2.6 11.5 2.6.8 0 1.2.2c.4.2.9.9.9.9s4.4-3.1 8.3.2c1.9 1.7 1.5 5 1.5 5s.3-1.1 1.6-1.4c1.3-.3 2.3.2 2.3.2s-.1-1.2.5-1.9 1.9-.9 1.9-.9-4.7-9.3 4.4-13.4c5.6-2.5 9.2.9 9.2.9s5-6.2 15.9-6.2 16.1 8.1 16.1 8.1.7-.2 1.6-.4V0H0z\"\/>\n<\/svg>\n\t\t<\/div>\n\t\t\t\t<\/div>\n\t\t\t\t<\/div>\n\t\t<div class=\"elementor-element elementor-element-9f5be2b e-con-full e-flex e-con e-parent\" data-id=\"9f5be2b\" data-element_type=\"container\">\n\t\t<div class=\"elementor-element elementor-element-d53c2c6 e-con-full e-flex e-con e-child\" data-id=\"d53c2c6\" data-element_type=\"container\" data-settings=\"{&quot;background_background&quot;:&quot;classic&quot;}\">\n\t\t<div class=\"elementor-element elementor-element-b29bd43 e-con-full elementor-hidden-tablet elementor-hidden-mobile e-flex e-con e-child\" data-id=\"b29bd43\" data-element_type=\"container\">\n\t\t\t\t<\/div>\n\t\t<div class=\"elementor-element elementor-element-a6ee0b8 e-con-full e-flex e-con e-child\" data-id=\"a6ee0b8\" data-element_type=\"container\" data-settings=\"{&quot;background_background&quot;:&quot;classic&quot;}\">\n\t\t\t\t<div class=\"elementor-element elementor-element-8423172 elementor-widget__width-initial elementor-widget elementor-widget-image\" data-id=\"8423172\" data-element_type=\"widget\" data-widget_type=\"image.default\">\n\t\t\t\t<div class=\"elementor-widget-container\">\n\t\t\t\t\t\t\t\t\t\t\t\t\t\t\t<img fetchpriority=\"high\" decoding=\"async\" width=\"686\" height=\"627\" src=\"https:\/\/fermemotions.fr\/wp-content\/uploads\/2024\/03\/cropped-cropped-arbre-def-3.jpg\" class=\"attachment-large size-large wp-image-211\" alt=\"\" srcset=\"https:\/\/fermemotions.fr\/wp-content\/uploads\/2024\/03\/cropped-cropped-arbre-def-3.jpg 686w, https:\/\/fermemotions.fr\/wp-content\/uploads\/2024\/03\/cropped-cropped-arbre-def-3-300x274.jpg 300w\" sizes=\"(max-width: 686px) 100vw, 686px\" \/>\t\t\t\t\t\t\t\t\t\t\t\t\t\t\t<\/div>\n\t\t\t\t<\/div>\n\t\t\t\t<\/div>\n\t\t<div class=\"elementor-element elementor-element-406ad4c e-con-full e-flex e-con e-child\" data-id=\"406ad4c\" data-element_type=\"container\">\n\t\t\t\t<div class=\"elementor-element elementor-element-92a0d4a elementor-widget__width-initial elementor-widget elementor-widget-heading\" data-id=\"92a0d4a\" data-element_type=\"widget\" data-widget_type=\"heading.default\">\n\t\t\t\t<div class=\"elementor-widget-container\">\n\t\t\t\t\t<h2 class=\"elementor-heading-title elementor-size-default\">La Ferme des \u00c9motions<\/h2>\t\t\t\t<\/div>\n\t\t\t\t<\/div>\n\t\t\t\t<\/div>\n\t\t<div class=\"elementor-element elementor-element-02aa15a e-con-full e-flex e-con e-child\" data-id=\"02aa15a\" data-element_type=\"container\" data-settings=\"{&quot;background_background&quot;:&quot;classic&quot;}\">\n\t\t\t\t<\/div>\n\t\t\t\t<\/div>\n\t\t\t\t<\/div>\n\t\t<div class=\"elementor-element elementor-element-ab67007 e-con-full e-flex e-con e-parent\" data-id=\"ab67007\" data-element_type=\"container\">\n\t\t<div class=\"elementor-element elementor-element-c7b8fdf e-con-full e-flex e-con e-child\" data-id=\"c7b8fdf\" data-element_type=\"container\" data-settings=\"{&quot;shape_divider_top&quot;:&quot;mountains&quot;,&quot;background_background&quot;:&quot;classic&quot;}\">\n\t\t\t\t<div class=\"elementor-shape elementor-shape-top\" aria-hidden=\"true\" data-negative=\"false\">\n\t\t\t<svg xmlns=\"http:\/\/www.w3.org\/2000\/svg\" viewBox=\"0 0 1000 100\" preserveAspectRatio=\"none\">\n\t<path class=\"elementor-shape-fill\" opacity=\"0.33\" d=\"M473,67.3c-203.9,88.3-263.1-34-320.3,0C66,119.1,0,59.7,0,59.7V0h1000v59.7 c0,0-62.1,26.1-94.9,29.3c-32.8,3.3-62.8-12.3-75.8-22.1C806,49.6,745.3,8.7,694.9,4.7S492.4,59,473,67.3z\"\/>\n\t<path class=\"elementor-shape-fill\" opacity=\"0.66\" d=\"M734,67.3c-45.5,0-77.2-23.2-129.1-39.1c-28.6-8.7-150.3-10.1-254,39.1 s-91.7-34.4-149.2,0C115.7,118.3,0,39.8,0,39.8V0h1000v36.5c0,0-28.2-18.5-92.1-18.5C810.2,18.1,775.7,67.3,734,67.3z\"\/>\n\t<path class=\"elementor-shape-fill\" d=\"M766.1,28.9c-200-57.5-266,65.5-395.1,19.5C242,1.8,242,5.4,184.8,20.6C128,35.8,132.3,44.9,89.9,52.5C28.6,63.7,0,0,0,0 h1000c0,0-9.9,40.9-83.6,48.1S829.6,47,766.1,28.9z\"\/>\n<\/svg>\t\t<\/div>\n\t\t\t\t<div class=\"elementor-element elementor-element-abbfa5f elementor-widget elementor-widget-heading\" data-id=\"abbfa5f\" data-element_type=\"widget\" data-widget_type=\"heading.default\">\n\t\t\t\t<div class=\"elementor-widget-container\">\n\t\t\t\t\t<h2 class=\"elementor-heading-title elementor-size-default\">La Ferme des \u00c9motions, lieu de vie qui rassemble l'humain, l'animal et le v\u00e9g\u00e9tal<\/h2>\t\t\t\t<\/div>\n\t\t\t\t<\/div>\n\t\t\t\t<\/div>\n\t\t\t\t<\/div>\n\t\t<div class=\"elementor-element elementor-element-c491435 e-con-full e-flex e-con e-parent\" data-id=\"c491435\" data-element_type=\"container\">\n\t\t<div class=\"elementor-element elementor-element-8b78281 e-con-full e-flex e-con e-child\" data-id=\"8b78281\" data-element_type=\"container\" data-settings=\"{&quot;background_background&quot;:&quot;classic&quot;}\">\n\t\t<div class=\"elementor-element elementor-element-74199f7 e-con-full e-flex e-con e-child\" data-id=\"74199f7\" data-element_type=\"container\">\n\t\t\t\t<div class=\"elementor-element elementor-element-073273f elementor-mobile-align-center elementor-widget-mobile__width-initial elementor-widget elementor-widget-button\" data-id=\"073273f\" data-element_type=\"widget\" data-widget_type=\"button.default\">\n\t\t\t\t<div class=\"elementor-widget-container\">\n\t\t\t\t\t\t\t\t\t<div class=\"elementor-button-wrapper\">\n\t\t\t\t\t<a class=\"elementor-button elementor-button-link elementor-size-sm elementor-animation-grow\" href=\"https:\/\/fermemotions.fr\/\">\n\t\t\t\t\t\t<span class=\"elementor-button-content-wrapper\">\n\t\t\t\t\t\t\t\t\t<span class=\"elementor-button-text\">Accueil<\/span>\n\t\t\t\t\t<\/span>\n\t\t\t\t\t<\/a>\n\t\t\t\t<\/div>\n\t\t\t\t\t\t\t\t<\/div>\n\t\t\t\t<\/div>\n\t\t\t\t<div class=\"elementor-element elementor-element-47a8c26 elementor-mobile-align-center elementor-widget-mobile__width-initial elementor-widget elementor-widget-button\" data-id=\"47a8c26\" data-element_type=\"widget\" data-widget_type=\"button.default\">\n\t\t\t\t<div class=\"elementor-widget-container\">\n\t\t\t\t\t\t\t\t\t<div class=\"elementor-button-wrapper\">\n\t\t\t\t\t<a class=\"elementor-button elementor-button-link elementor-size-sm elementor-animation-grow\" href=\"https:\/\/fermemotions.fr\/index.php\/nos-animaux\/\">\n\t\t\t\t\t\t<span class=\"elementor-button-content-wrapper\">\n\t\t\t\t\t\t\t\t\t<span class=\"elementor-button-text\">Nos Animaux<\/span>\n\t\t\t\t\t<\/span>\n\t\t\t\t\t<\/a>\n\t\t\t\t<\/div>\n\t\t\t\t\t\t\t\t<\/div>\n\t\t\t\t<\/div>\n\t\t\t\t<div class=\"elementor-element elementor-element-0001148 elementor-mobile-align-center elementor-widget-mobile__width-initial elementor-widget elementor-widget-button\" data-id=\"0001148\" data-element_type=\"widget\" data-widget_type=\"button.default\">\n\t\t\t\t<div class=\"elementor-widget-container\">\n\t\t\t\t\t\t\t\t\t<div class=\"elementor-button-wrapper\">\n\t\t\t\t\t<a class=\"elementor-button elementor-button-link elementor-size-sm elementor-animation-grow\" href=\"https:\/\/fermemotions.fr\/index.php\/activites\/\">\n\t\t\t\t\t\t<span class=\"elementor-button-content-wrapper\">\n\t\t\t\t\t\t\t\t\t<span class=\"elementor-button-text\">Activit\u00e9s<\/span>\n\t\t\t\t\t<\/span>\n\t\t\t\t\t<\/a>\n\t\t\t\t<\/div>\n\t\t\t\t\t\t\t\t<\/div>\n\t\t\t\t<\/div>\n\t\t\t\t<div class=\"elementor-element elementor-element-106bcaa elementor-mobile-align-center elementor-widget-mobile__width-initial elementor-widget elementor-widget-button\" data-id=\"106bcaa\" data-element_type=\"widget\" data-widget_type=\"button.default\">\n\t\t\t\t<div class=\"elementor-widget-container\">\n\t\t\t\t\t\t\t\t\t<div class=\"elementor-button-wrapper\">\n\t\t\t\t\t<a class=\"elementor-button elementor-button-link elementor-size-sm elementor-animation-grow\" href=\"https:\/\/fermemotions.fr\/index.php\/infos-pratiques\/\">\n\t\t\t\t\t\t<span class=\"elementor-button-content-wrapper\">\n\t\t\t\t\t\t\t\t\t<span class=\"elementor-button-text\">Infos Pratiques<\/span>\n\t\t\t\t\t<\/span>\n\t\t\t\t\t<\/a>\n\t\t\t\t<\/div>\n\t\t\t\t\t\t\t\t<\/div>\n\t\t\t\t<\/div>\n\t\t\t\t<div class=\"elementor-element elementor-element-269f526 elementor-mobile-align-center elementor-widget-mobile__width-initial elementor-widget elementor-widget-button\" data-id=\"269f526\" data-element_type=\"widget\" data-widget_type=\"button.default\">\n\t\t\t\t<div class=\"elementor-widget-container\">\n\t\t\t\t\t\t\t\t\t<div class=\"elementor-button-wrapper\">\n\t\t\t\t\t<a class=\"elementor-button elementor-button-link elementor-size-sm elementor-animation-grow\" href=\"https:\/\/fermemotions.fr\/index.php\/presentation\/\">\n\t\t\t\t\t\t<span class=\"elementor-button-content-wrapper\">\n\t\t\t\t\t\t\t\t\t<span class=\"elementor-button-text\">Pr\u00e9sentation<\/span>\n\t\t\t\t\t<\/span>\n\t\t\t\t\t<\/a>\n\t\t\t\t<\/div>\n\t\t\t\t\t\t\t\t<\/div>\n\t\t\t\t<\/div>\n\t\t\t\t<div class=\"elementor-element elementor-element-0972fe7 elementor-mobile-align-center elementor-widget-mobile__width-initial elementor-widget elementor-widget-button\" data-id=\"0972fe7\" data-element_type=\"widget\" data-widget_type=\"button.default\">\n\t\t\t\t<div class=\"elementor-widget-container\">\n\t\t\t\t\t\t\t\t\t<div class=\"elementor-button-wrapper\">\n\t\t\t\t\t<a class=\"elementor-button elementor-button-link elementor-size-sm elementor-animation-grow\" href=\"https:\/\/fermemotions.fr\/index.php\/galerie-photos\/\">\n\t\t\t\t\t\t<span class=\"elementor-button-content-wrapper\">\n\t\t\t\t\t\t\t\t\t<span class=\"elementor-button-text\">Galerie Photos<\/span>\n\t\t\t\t\t<\/span>\n\t\t\t\t\t<\/a>\n\t\t\t\t<\/div>\n\t\t\t\t\t\t\t\t<\/div>\n\t\t\t\t<\/div>\n\t\t\t\t<\/div>\n\t\t\t\t<\/div>\n\t\t\t\t<\/div>\n\t\t<div class=\"elementor-element elementor-element-5230c22 e-con-full e-flex e-con e-parent\" data-id=\"5230c22\" data-element_type=\"container\">\n\t\t<div class=\"elementor-element elementor-element-2f859e2 e-flex e-con-boxed e-con e-child\" data-id=\"2f859e2\" data-element_type=\"container\">\n\t\t\t\t\t<div class=\"e-con-inner\">\n\t\t<div class=\"elementor-element elementor-element-888e039 e-flex e-con-boxed e-con e-child\" data-id=\"888e039\" data-element_type=\"container\">\n\t\t\t\t\t<div class=\"e-con-inner\">\n\t\t<div class=\"elementor-element elementor-element-794e35b e-con-full e-flex e-con e-child\" data-id=\"794e35b\" data-element_type=\"container\" data-settings=\"{&quot;background_background&quot;:&quot;classic&quot;}\">\n\t\t\t\t<div class=\"elementor-element elementor-element-9ffd0cd elementor-align-center elementor-widget elementor-widget-button\" data-id=\"9ffd0cd\" data-element_type=\"widget\" data-widget_type=\"button.default\">\n\t\t\t\t<div class=\"elementor-widget-container\">\n\t\t\t\t\t\t\t\t\t<div class=\"elementor-button-wrapper\">\n\t\t\t\t\t<a class=\"elementor-button elementor-button-link elementor-size-sm\" href=\"#\">\n\t\t\t\t\t\t<span class=\"elementor-button-content-wrapper\">\n\t\t\t\t\t\t\t\t\t<span class=\"elementor-button-text\">M\u00e9diation Animale<\/span>\n\t\t\t\t\t<\/span>\n\t\t\t\t\t<\/a>\n\t\t\t\t<\/div>\n\t\t\t\t\t\t\t\t<\/div>\n\t\t\t\t<\/div>\n\t\t\t\t<\/div>\n\t\t\t\t\t<\/div>\n\t\t\t\t<\/div>\n\t\t\t\t\t<\/div>\n\t\t\t\t<\/div>\n\t\t\t\t<\/div>\n\t\t<div class=\"elementor-element elementor-element-54ce23a e-con-full e-flex e-con e-parent\" data-id=\"54ce23a\" data-element_type=\"container\">\n\t\t\t\t<div class=\"elementor-element elementor-element-158475b elementor-widget elementor-widget-text-editor\" data-id=\"158475b\" data-element_type=\"widget\" data-widget_type=\"text-editor.default\">\n\t\t\t\t<div class=\"elementor-widget-container\">\n\t\t\t\t\t\t\t\t\t<p align=\"CENTER\"><span style=\"color: #ff0000;\"><span style=\"font-family: Comic Sans MS, cursive;\"><span style=\"font-size: large;\"><u><b>Interactions positives de mise en relation intentionnelle Homme-Animal\u00a0: la m\u00e9diation animale<\/b><\/u><\/span><\/span><\/span><\/p><p align=\"CENTER\"><span style=\"color: #ff0000;\"><span style=\"font-family: Comic Sans MS, cursive;\"><span style=\"font-size: large;\"><u><b>\u00a0<\/b><\/u><\/span><\/span><\/span><\/p><p align=\"CENTER\"><span style=\"color: #333333;\"><span style=\"font-family: Comic Sans MS, cursive;\"><span style=\"font-size: medium;\"><b>\u00c0 destination de toute personne ayant besoin au cours de sa vie d\u2019\u00eatre aid\u00e9e, en pr\u00e9sence d\u2019une m\u00e9diatrice, d\u2019un animal, sans aucun jugement. <\/b><\/span><\/span><\/span><\/p><p align=\"CENTER\"><span style=\"color: #333333;\"><span style=\"font-family: Comic Sans MS, cursive;\"><span style=\"font-size: medium;\"><b>La m\u00e9diation est adapt\u00e9 \u00e0 tout public<\/b><\/span><\/span><\/span><\/p><p><span style=\"color: #333333;\"><span style=\"font-family: Comic Sans MS, cursive;\"><span style=\"font-size: medium;\"><span style=\"font-size: small;\">\u00a0<\/span><\/span><\/span><\/span><\/p><p><span style=\"color: #333333;\"><span style=\"font-family: Comic Sans MS, cursive;\"><span style=\"font-size: medium;\"><span style=\"font-size: small;\">Nous ne faisons pas appel \u00e0 des animaux qui ont \u00e9t\u00e9 dress\u00e9 pour effectuer des t\u00e2ches sp\u00e9cifiques li\u00e9es au handicap ou \u00e0 la diff\u00e9rence d&rsquo;un personne, l<\/span><strong><span style=\"font-size: small;\"><b>\u2019animal est un m\u00e9diateur sans jugement<\/b><\/span><\/strong><span style=\"font-size: small;\">, sans communication verbale et sans intention.<\/span><\/span><\/span><\/span><\/p><p><span style=\"color: #333333;\"> <span style=\"font-family: Comic Sans MS, cursive;\"><span style=\"font-size: small;\">Il est spontan\u00e9, il stimule, \u00e9veille et r\u00e9conforte naturellement. Il permet une relation authentique et introduit des notions de responsabilit\u00e9 et d\u2019autonomie chez l\u2019accueilli.<\/span><\/span><\/span><\/p><p><span style=\"color: #333333;\"><span style=\"font-family: Comic Sans MS, cursive;\"><span style=\"font-size: small;\">Sur notre ferme, nous avons une grande vari\u00e9t\u00e9 d&rsquo;esp\u00e8ces d&rsquo;animaux tels que\u00a0: des poules, lapins, cochon d&rsquo;inde, ch\u00e8vres, chevaux, moutons, lamas favorisant des interactions Homme-animal aux b\u00e9n\u00e9fices des deux, chacun apporte ses ressources \u00e0 l&rsquo;autre. <\/span><\/span><\/span><\/p><p><span style=\"color: #333333;\"><span style=\"font-family: Comic Sans MS, cursive;\"><span style=\"font-size: small;\">La Ferme des \u00c9motions, de part son environnement, apportera \u00e9galement un acc\u00e8s \u00e0 la nature qui fournit les besoins vitaux pour chacun d&rsquo;entre nous et \u00e0 tout \u00e2ge procurant de nombreux bienfaits.<\/span><\/span><\/span><\/p><p><span style=\"color: #333333;\"><span style=\"font-family: Comic Sans MS, cursive;\"><span style=\"font-size: small;\">L\u2019animal et la nature seront des supports pour les s\u00e9ances. Les b\u00e9n\u00e9fices des s\u00e9ances de m\u00e9diation sont\u00a0: bien-\u00eatre, confiance en soi, construction personnelle, sant\u00e9 physique et psychologique &#8230;<\/span><\/span><\/span><\/p><p><span style=\"color: #333333;\"><span style=\"font-family: Comic Sans MS, cursive;\"><span style=\"font-size: small;\">Form\u00e9e par \u00ab\u00a0les entrepreneurs animaliers\u00a0\u00bb en 2023, comme intervenante en m\u00e9diation par l\u2019animal, la m\u00e9diatrice que je suis, s&rsquo;efforce d&rsquo;accompagner au mieux l&rsquo;humain dans sa relation avec le vivant en r\u00e9pondant \u00e0 ses besoins sp\u00e9cifiques, je souhaite mettre en place une relation triangulaire alliant l&rsquo;humain\/animal\/v\u00e9g\u00e9tal. <\/span><\/span><\/span><\/p><p><span style=\"color: #333333;\"><span style=\"font-family: Comic Sans MS, cursive;\"><span style=\"font-size: small;\">Nous mettons en place des objectifs individuels avec l\u2019\u00e9quipe encadrante, et des bilans r\u00e9guliers sont effectu\u00e9s.<\/span><\/span><\/span><\/p><p><span style=\"color: #333333;\"><span style=\"font-family: Comic Sans MS, cursive;\"><span style=\"font-size: small;\"><b>N<\/b><\/span><\/span><\/span><strong><span style=\"color: #333333;\"><span style=\"font-family: Comic Sans MS, cursive;\"><span style=\"font-size: small;\"><b>ous proposons deux types d\u2019ateliers \u00e0 La Ferme des \u00c9motions, <\/b><\/span><\/span><\/span><\/strong><strong><span style=\"color: #333333;\"><span style=\"font-family: Comic Sans MS, cursive;\"><span style=\"font-size: small;\">n<\/span><\/span><\/span><\/strong><span style=\"color: #333333;\"><span style=\"font-family: Comic Sans MS, cursive;\"><span style=\"font-size: small;\">os<\/span><\/span><\/span><span style=\"color: #333333;\"><span style=\"font-family: Comic Sans MS, cursive;\"><span style=\"font-size: small;\"> ateliers et notre communication sont bas\u00e9s sur l\u2019\u00e9coute , la validation, l\u2019empathie et le renforcement positif.<\/span><\/span><\/span><\/p><p><strong><span style=\"color: #333333;\"><span style=\"font-family: Comic Sans MS, cursive;\"><span style=\"font-size: small;\"><u><b>Des ateliers \u00e9ducatifs \u00e0 vis\u00e9es th\u00e9rapeutiques<\/b><\/u><\/span><\/span><\/span><\/strong><\/p><p><span style=\"font-family: Comic Sans MS, cursive;\"><span style=\"font-size: small;\"><span style=\"color: #333333;\">Le travail s\u2019effectue en petits groupes (maximum 6 b\u00e9n\u00e9ficiaires), de mani\u00e8re r\u00e9guli\u00e8re en concertation avec l&rsquo;\u00e9quipe de l&rsquo;institution<\/span><br \/><span style=\"color: #333333;\">Apr\u00e8s quelques s\u00e9ances d\u2019observation, des objectifs sont d\u00e9finis avec l\u2019\u00e9quipe, un support papier fait le lien entre l&rsquo;institut, la famille du b\u00e9n\u00e9ficiaire et la ferme.<\/span> <\/span><\/span><\/p><p><strong><span style=\"color: #333333;\"><span style=\"font-family: Comic Sans MS, cursive;\"><span style=\"font-size: small;\"><u><b>Des ateliers en activit\u00e9s assist\u00e9es par animal<\/b><\/u><\/span><\/span><\/span><\/strong><\/p><p><span style=\"font-family: Comic Sans MS, cursive;\"><span style=\"font-size: small;\"><span style=\"color: #333333;\">Ce sont des s\u00e9ances plus ponctuelles, l\u2019objectif est moins d\u2019influencer sur un comportement particulier, que d\u2019am\u00e9liorer la qualit\u00e9 de vie des accueillis en augmentant la participation aux moments \u00e9ducatifs et r\u00e9cr\u00e9atifs.<\/span> <\/span><\/span><\/p><p align=\"CENTER\"><span style=\"color: #00cc33;\"><span style=\"font-family: Comic Sans MS, cursive;\"><span style=\"font-size: small;\">Les projets sont ajustables suivant les souhaits de chacun <\/span><\/span><\/span><\/p><p align=\"CENTER\"><span style=\"color: #00cc33;\"><span style=\"font-family: Comic Sans MS, cursive;\"><span style=\"font-size: small;\">Le rythme est \u00e0 d\u00e9finir ensemble : l<i>a dur\u00e9e de la s\u00e9ance peut \u00eatre modulables de 45 min \u00e0 2 h 00<\/i><\/span><\/span><\/span><\/p>\t\t\t\t\t\t\t\t<\/div>\n\t\t\t\t<\/div>\n\t\t\t\t<\/div>\n\t\t\t\t<\/div>\n\t\t","protected":false},"excerpt":{"rendered":"<p>La Ferme des \u00c9motions La Ferme des \u00c9motions, lieu de vie qui rassemble l&rsquo;humain, l&rsquo;animal et le v\u00e9g\u00e9tal Accueil Nos Animaux Activit\u00e9s Infos Pratiques Pr\u00e9sentation Galerie Photos M\u00e9diation Animale Interactions positives de mise en relation intentionnelle Homme-Animal\u00a0: la m\u00e9diation animale \u00a0 \u00c0 destination de toute personne ayant besoin au cours de sa vie d\u2019\u00eatre aid\u00e9e, [&hellip;]<\/p>\n","protected":false},"author":1,"featured_media":0,"parent":0,"menu_order":0,"comment_status":"closed","ping_status":"closed","template":"","meta":{"footnotes":""},"class_list":["post-4189","page","type-page","status-publish","hentry"],"_links":{"self":[{"href":"https:\/\/fermemotions.fr\/index.php\/wp-json\/wp\/v2\/pages\/4189","targetHints":{"allow":["GET"]}}],"collection":[{"href":"https:\/\/fermemotions.fr\/index.php\/wp-json\/wp\/v2\/pages"}],"about":[{"href":"https:\/\/fermemotions.fr\/index.php\/wp-json\/wp\/v2\/types\/page"}],"author":[{"embeddable":true,"href":"https:\/\/fermemotions.fr\/index.php\/wp-json\/wp\/v2\/users\/1"}],"replies":[{"embeddable":true,"href":"https:\/\/fermemotions.fr\/index.php\/wp-json\/wp\/v2\/comments?post=4189"}],"version-history":[{"count":17,"href":"https:\/\/fermemotions.fr\/index.php\/wp-json\/wp\/v2\/pages\/4189\/revisions"}],"predecessor-version":[{"id":4390,"href":"https:\/\/fermemotions.fr\/index.php\/wp-json\/wp\/v2\/pages\/4189\/revisions\/4390"}],"wp:attachment":[{"href":"https:\/\/fermemotions.fr\/index.php\/wp-json\/wp\/v2\/media?parent=4189"}],"curies":[{"name":"wp","href":"https:\/\/api.w.org\/{rel}","templated":true}]}}